{"id":303,"date":"2023-03-22T01:47:55","date_gmt":"2023-03-22T01:47:55","guid":{"rendered":"https:\/\/animatronix.com.mx\/?page_id=303"},"modified":"2023-06-30T18:26:14","modified_gmt":"2023-06-30T18:26:14","slug":"propuesta-aquarionot","status":"publish","type":"page","link":"https:\/\/animatronix.com.mx\/index.php\/not-atn-juan-rafael\/propuesta-aquarionot\/","title":{"rendered":"Propuesta aquario"},"content":{"rendered":"\n<div style=\"height:100px\" aria-hidden=\"true\" class=\"wp-block-spacer\"><\/div>\n\n\n\n<div class=\"wp-block-columns is-layout-flex wp-container-core-columns-is-layout-9d6595d7 wp-block-columns-is-layout-flex\">\n<div class=\"wp-block-column is-layout-flow wp-block-column-is-layout-flow\" style=\"flex-basis:20%\"><\/div>\n\n\n\n<div class=\"wp-block-column is-layout-flow wp-block-column-is-layout-flow\" style=\"flex-basis:60%\">\n<p>The fascinating world of prehistoric creatures has always captured the imagination and curiosity of both young and old. By visiting a well-curated dinosaur exhibit, we can gain invaluable insights into the lives and environments of these ancient giants, deepening our understanding and appreciation for the wonders of our natural world.\u02dd That&#8217;s why &#8220;Dinosaur Room Reflections&#8221; is an experience that should not be missed.Not only will it transport you millions of years back in time, but it also offers a unique opportunity to witness the sheer magnificence and diversity of these majestic creatures that once roamed our planet. So don\u00b4t miss this opportunity and get your tickets today and embark on a journey through time to discover the wonders of the prehistoric era!<\/p>\n\n\n\n<p><\/p>\n<\/div>\n\n\n\n<div class=\"wp-block-column is-layout-flow wp-block-column-is-layout-flow\" style=\"flex-basis:20%\"><\/div>\n<\/div>\n\n\n\n<figure class=\"wp-block-image size-large\"><img loading=\"lazy\" decoding=\"async\" width=\"1024\" height=\"1024\" src=\"https:\/\/animatronix.com.mx\/wp-content\/uploads\/2023\/02\/animatronix-dinos-1024x1024.jpg\" alt=\"\" class=\"wp-image-164\" srcset=\"https:\/\/animatronix.com.mx\/wp-content\/uploads\/2023\/02\/animatronix-dinos-1024x1024.jpg 1024w, https:\/\/animatronix.com.mx\/wp-content\/uploads\/2023\/02\/animatronix-dinos-300x300.jpg 300w, https:\/\/animatronix.com.mx\/wp-content\/uploads\/2023\/02\/animatronix-dinos-150x150.jpg 150w, https:\/\/animatronix.com.mx\/wp-content\/uploads\/2023\/02\/animatronix-dinos-768x768.jpg 768w, https:\/\/animatronix.com.mx\/wp-content\/uploads\/2023\/02\/animatronix-dinos-100x100.jpg 100w, https:\/\/animatronix.com.mx\/wp-content\/uploads\/2023\/02\/animatronix-dinos.jpg 1080w\" sizes=\"auto, (max-width: 1024px) 100vw, 1024px\" \/><\/figure>\n\n\n\n<div class=\"wp-block-cover is-light\"><span aria-hidden=\"true\" class=\"wp-block-cover__background has-cyan-bluish-gray-background-color has-background-dim\"><\/span><div class=\"wp-block-cover__inner-container is-layout-flow wp-block-cover-is-layout-flow\">\n<div class=\"wp-block-columns is-layout-flex wp-container-core-columns-is-layout-9d6595d7 wp-block-columns-is-layout-flex\">\n<div class=\"wp-block-column is-layout-flow wp-block-column-is-layout-flow\" style=\"flex-basis:20%\"><\/div>\n\n\n\n<div class=\"wp-block-column is-layout-flow wp-block-column-is-layout-flow\" style=\"flex-basis:60%\">\n<h2 class=\"wp-block-heading\">FICHA <\/h2>\n\n\n\n<ul class=\"wp-block-list\">\n<li> 2 habitaciones,  \n<ul class=\"wp-block-list\">\n<li>una de 9.14m, cuadrada<\/li>\n\n\n\n<li>altura: con plafon 3.2m, sin 5.40m<\/li>\n<\/ul>\n<\/li>\n\n\n\n<li>1 pasillo\n<ul class=\"wp-block-list\">\n<li>largo 9m aprox<\/li>\n\n\n\n<li>ancho 2.5 &#8211; 3m aprox<\/li>\n<\/ul>\n<\/li>\n\n\n\n<li>2da habitaci\u00f3n\n<ul class=\"wp-block-list\">\n<li>9.54m, por lado. (verificar paredes intermedias)<\/li>\n\n\n\n<li>altura con plafon 3.2m, sin plafon 5.4m<\/li>\n<\/ul>\n<\/li>\n<\/ul>\n<\/div>\n\n\n\n<div class=\"wp-block-column is-layout-flow wp-block-column-is-layout-flow\" style=\"flex-basis:20%\"><\/div>\n<\/div>\n<\/div><\/div>\n\n\n\n<div style=\"height:100px\" aria-hidden=\"true\" class=\"wp-block-spacer\"><\/div>\n\n\n\n<figure class=\"wp-block-image size-large\"><img loading=\"lazy\" decoding=\"async\" width=\"1024\" height=\"576\" src=\"https:\/\/animatronix.com.mx\/wp-content\/uploads\/2022\/12\/P1020564-2-1024x576.jpg\" alt=\"\" class=\"wp-image-114\" srcset=\"https:\/\/animatronix.com.mx\/wp-content\/uploads\/2022\/12\/P1020564-2-1024x576.jpg 1024w, https:\/\/animatronix.com.mx\/wp-content\/uploads\/2022\/12\/P1020564-2-300x169.jpg 300w, https:\/\/animatronix.com.mx\/wp-content\/uploads\/2022\/12\/P1020564-2-768x432.jpg 768w, https:\/\/animatronix.com.mx\/wp-content\/uploads\/2022\/12\/P1020564-2-1536x864.jpg 1536w, https:\/\/animatronix.com.mx\/wp-content\/uploads\/2022\/12\/P1020564-2-2048x1152.jpg 2048w\" sizes=\"auto, (max-width: 1024px) 100vw, 1024px\" \/><\/figure>\n\n\n\n<div class=\"wp-block-cover is-light has-custom-content-position is-position-top-center\"><span aria-hidden=\"true\" class=\"wp-block-cover__background has-cyan-bluish-gray-background-color has-background-dim\"><\/span><div class=\"wp-block-cover__inner-container is-layout-flow wp-block-cover-is-layout-flow\">\n<div class=\"wp-block-columns is-layout-flex wp-container-core-columns-is-layout-9d6595d7 wp-block-columns-is-layout-flex\">\n<div class=\"wp-block-column is-layout-flow wp-block-column-is-layout-flow\" style=\"flex-basis:20%\"><\/div>\n\n\n\n<div class=\"wp-block-column is-layout-flow wp-block-column-is-layout-flow\" style=\"flex-basis:60%\">\n<h2 class=\"has-text-align-left wp-block-heading\">DESCRIPCI\u00d3N DEL ESPACIO<\/h2>\n\n\n\n<div style=\"height:40px\" aria-hidden=\"true\" class=\"wp-block-spacer\"><\/div>\n\n\n\n<div class=\"wp-block-group is-vertical is-layout-flex wp-container-core-group-is-layout-8cf370e7 wp-block-group-is-layout-flex\">\n<p>2, unique <strong>rooms<\/strong>, digital controlled environments, full of sound design and light design and synchronized with a magnificent Linear sound system in a beautiful scenery with 2 robots displayed on the exhibit floor, &#8220;Dinosaur Room Reflections&#8221; is an immersive experience that will take you on a journey through time like no other. you will feel more than two dinosarus in the room.<\/p>\n<\/div>\n\n\n\n<div style=\"height:40px\" aria-hidden=\"true\" class=\"wp-block-spacer\"><\/div>\n\n\n\n<div class=\"wp-block-group is-vertical is-layout-flex wp-container-core-group-is-layout-8cf370e7 wp-block-group-is-layout-flex\">\n<p>the <strong>hallway<\/strong> between the main room and the second room will be filled with tv screens between 40&#8243; and 65&#8243;, displaying data about spices in dangered, species already extinct, and some many more data to keep an eye like how we handle our trash. Additionally, this exhibit serves as a powerful reminder of our responsibility to protect and preserve the environment for all living creatures, making it not just an entertaining<\/p>\n\n\n\n<p>and enlightening adventure that will leave a lasting impact on your perspective towards our planet and our habits.<\/p>\n<\/div>\n\n\n\n<div style=\"height:40px\" aria-hidden=\"true\" class=\"wp-block-spacer\"><\/div>\n\n\n\n<p><\/p>\n<\/div>\n\n\n\n<div class=\"wp-block-column is-layout-flow wp-block-column-is-layout-flow\" style=\"flex-basis:20%\"><\/div>\n<\/div>\n<\/div><\/div>\n\n\n\n<div style=\"height:100px\" aria-hidden=\"true\" class=\"wp-block-spacer\"><\/div>\n\n\n\n<p><\/p>\n\n\n\n<div class=\"wp-block-cover is-light\"><span aria-hidden=\"true\" class=\"wp-block-cover__background has-cyan-bluish-gray-background-color has-background-dim\"><\/span><div class=\"wp-block-cover__inner-container is-layout-flow wp-block-cover-is-layout-flow\">\n<div class=\"wp-block-columns is-layout-flex wp-container-core-columns-is-layout-9d6595d7 wp-block-columns-is-layout-flex\">\n<div class=\"wp-block-column is-layout-flow wp-block-column-is-layout-flow\" style=\"flex-basis:20%\"><\/div>\n\n\n\n<div class=\"wp-block-column is-layout-flow wp-block-column-is-layout-flow\" style=\"flex-basis:60%\">\n<h2 class=\"wp-block-heading\">CONTENIDO<\/h2>\n\n\n\n<ul class=\"wp-block-list\">\n<li>3 \u00f3 4 dinosaurios total  (  capacidad de carga)<\/li>\n\n\n\n<li>Escenograf\u00eda* : construcci\u00f3n y decoraci\u00f3n<\/li>\n\n\n\n<li>Pintura en el lugar**<\/li>\n\n\n\n<li>equipo de audio*<\/li>\n\n\n\n<li>iluminaci\u00f3n*<\/li>\n\n\n\n<li>Dise\u00f1o sonoro**<\/li>\n\n\n\n<li>Escenograf\u00eda digital**<\/li>\n\n\n\n<li>Control **<\/li>\n\n\n\n<li>Aplicaciones \/ instalaciones digitales relacionadas al tema<\/li>\n<\/ul>\n\n\n\n<div class=\"wp-block-group is-vertical is-layout-flex wp-container-core-group-is-layout-8cf370e7 wp-block-group-is-layout-flex\">\n<p>*var\u00eda seg\u00fan presupuesto.<\/p>\n\n\n\n<p>** si se requiere.<\/p>\n<\/div>\n\n\n\n<ul class=\"wp-block-list\">\n<li>Mano de obra\n<ul class=\"wp-block-list\">\n<li>instalaci\u00f3n, <\/li>\n\n\n\n<li>operaci\u00f3n si se requiere<\/li>\n<\/ul>\n<\/li>\n<\/ul>\n\n\n\n<p><\/p>\n<\/div>\n\n\n\n<div class=\"wp-block-column is-layout-flow wp-block-column-is-layout-flow\" style=\"flex-basis:20%\"><\/div>\n<\/div>\n<\/div><\/div>\n\n\n\n<div style=\"height:100px\" aria-hidden=\"true\" class=\"wp-block-spacer\"><\/div>\n\n\n\n<div class=\"wp-block-cover is-light has-custom-content-position is-position-top-center\"><span aria-hidden=\"true\" class=\"wp-block-cover__background has-cyan-bluish-gray-background-color has-background-dim\"><\/span><div class=\"wp-block-cover__inner-container is-layout-flow wp-block-cover-is-layout-flow\">\n<div class=\"wp-block-columns is-layout-flex wp-container-core-columns-is-layout-9d6595d7 wp-block-columns-is-layout-flex\">\n<div class=\"wp-block-column is-layout-flow wp-block-column-is-layout-flow\" style=\"flex-basis:20%\"><\/div>\n\n\n\n<div class=\"wp-block-column is-layout-flow wp-block-column-is-layout-flow\" style=\"flex-basis:60%\">\n<h2 class=\"has-text-align-left wp-block-heading\">REQUERIMIENTOS<\/h2>\n\n\n\n<ul class=\"wp-block-list\">\n<li>Energ\u00eda el\u00e9ctrica trif\u00e1sica (posiblemente bif\u00e1sica; 110 y 220 volts para 60 Kw,<\/li>\n\n\n\n<li>Uso de andamios, gennies si hay en las instalaciones (especificar si se pueden usar)<\/li>\n\n\n\n<li>Personal de vigilancia y seguridad interna y externa para la exposici\u00f3n, durante el montaje y el tiempo de exhibici\u00f3n.<\/li>\n\n\n\n<li>8 staff para montaje (especificar si no cuenta con ellos)<\/li>\n\n\n\n<li>Espacio para cuarto de maquinas (o especificar si debe incluir en el cuarto.&nbsp;<\/li>\n\n\n\n<li>Espacio nivelado<\/li>\n<\/ul>\n<\/div>\n\n\n\n<div class=\"wp-block-column is-layout-flow wp-block-column-is-layout-flow\" style=\"flex-basis:20%\"><\/div>\n<\/div>\n<\/div><\/div>\n\n\n\n<div style=\"height:100px\" aria-hidden=\"true\" class=\"wp-block-spacer\"><\/div>\n\n\n\n<div class=\"wp-block-cover is-light\"><span aria-hidden=\"true\" class=\"wp-block-cover__background has-cyan-bluish-gray-background-color has-background-dim\"><\/span><div class=\"wp-block-cover__inner-container is-layout-flow wp-block-cover-is-layout-flow\">\n<h2 class=\"has-text-align-center wp-block-heading\">CONDICIONES DE OPERACI\u00d3N<\/h2>\n\n\n\n<div class=\"wp-block-group is-vertical is-content-justification-center is-layout-flex wp-container-core-group-is-layout-4b2eccd6 wp-block-group-is-layout-flex\">\n<p>Definir tiempo de renta<\/p>\n\n\n\n<p>Horario y d\u00edas de funcionamiento<\/p>\n\n\n\n<p>Montaje y desmontaje<\/p>\n<\/div>\n<\/div><\/div>\n\n\n\n<div style=\"height:100px\" aria-hidden=\"true\" class=\"wp-block-spacer\"><\/div>\n\n\n\n<div class=\"wp-block-cover is-light\"><span aria-hidden=\"true\" class=\"wp-block-cover__background has-cyan-bluish-gray-background-color has-background-dim\"><\/span><div class=\"wp-block-cover__inner-container is-layout-flow wp-block-cover-is-layout-flow\">\n<div class=\"wp-block-columns is-layout-flex wp-container-core-columns-is-layout-9d6595d7 wp-block-columns-is-layout-flex\">\n<div class=\"wp-block-column is-layout-flow wp-block-column-is-layout-flow\" style=\"flex-basis:20%\"><\/div>\n\n\n\n<div class=\"wp-block-column is-layout-flow wp-block-column-is-layout-flow\" style=\"flex-basis:60%\">\n<h2 class=\"has-text-align-left wp-block-heading\">COSTO<\/h2>\n\n\n\n<div class=\"wp-block-group is-vertical is-content-justification-left is-layout-flex wp-container-core-group-is-layout-c0ca7d81 wp-block-group-is-layout-flex\">\n<p class=\"has-text-align-left\">A partir de los alcances que quieras incluir.<\/p>\n<\/div>\n\n\n\n<div style=\"height:51px\" aria-hidden=\"true\" class=\"wp-block-spacer\"><\/div>\n\n\n\n<ul class=\"wp-block-list\">\n<li> 3 robots, calcula 120k (puede variar seg\u00fan especie y tama\u00f1o), mensual, m\u00e1s equipo (revisar)<\/li>\n\n\n\n<li> Escenograf\u00eda: definir tipo, rango 120k a 240k, o superior, por cuarto y pasillo, un parte es en renta.<\/li>\n\n\n\n<li>Display de informaci\u00f3n, por definir seg\u00fan formato.<\/li>\n\n\n\n<li>Pintura en gran formato para algunos espacio : si se usa, por definir. una vez<\/li>\n\n\n\n<li>Ambientaci\u00f3n con equipo, por cuarto y pasillo\n<ul class=\"wp-block-list\">\n<li>Audio. _____<\/li>\n\n\n\n<li>Video puede ser muy amplio, desde proyecci\u00f3n hasta video walls, si se usa<\/li>\n\n\n\n<li> iluminaci\u00f3n _____ , <\/li>\n\n\n\n<li>control, si se requiere.  &#8211; <\/li>\n\n\n\n<li>Dise\u00f1o iluminaci\u00f3n y sonido. (una vez) si se usa.<\/li>\n<\/ul>\n<\/li>\n\n\n\n<li>Instalaciones conectadas a digital, si se usa  <\/li>\n\n\n\n<li>Cuarto de maquinas: el tama\u00f1o y equipo varia dependiendo el uso del espacio y tipo de robots. &#8211;<\/li>\n\n\n\n<li>Staff : \n<ul class=\"wp-block-list\">\n<li>Ingenier\u00eda <\/li>\n\n\n\n<li>T\u00e9cnicos especialistas, <\/li>\n\n\n\n<li>personal para instalaci\u00f3n:  <\/li>\n\n\n\n<li>Operaci\u00f3n y mantenimiento seg\u00fan se requiera.<\/li>\n<\/ul>\n<\/li>\n<\/ul>\n\n\n\n<p><\/p>\n\n\n\n<p>  <\/p>\n\n\n\n<p>Con gusto te brindamos asesoria, y servicio, el  rango puede variar desde 300k a 2.8M por habitaci\u00f2n. De que rango de servicios o aplicaciones quieres que te presente.<\/p>\n\n\n\n<p>COSTO TOTAL<\/p>\n\n\n\n<p>Por definir<\/p>\n<\/div>\n\n\n\n<div class=\"wp-block-column is-layout-flow wp-block-column-is-layout-flow\" style=\"flex-basis:20%\"><\/div>\n<\/div>\n\n\n\n<div style=\"height:100px\" aria-hidden=\"true\" class=\"wp-block-spacer\"><\/div>\n\n\n\n<p class=\"has-text-align-center\">CONDICIONES DE PAGO<\/p>\n\n\n\n<p class=\"has-text-align-center\">por definir <\/p>\n\n\n\n<div class=\"wp-block-group is-vertical is-content-justification-center is-layout-flex wp-container-core-group-is-layout-4b2eccd6 wp-block-group-is-layout-flex\">\n<p> 50% A la firma aceptaci\u00f3n del contrato.&nbsp;<\/p>\n\n\n\n<p> 30% durante el desarrollo., por definir.<\/p>\n\n\n\n<p> 20% al apertura , por definir.<\/p>\n\n\n\n<p> <\/p>\n<\/div>\n<\/div><\/div>\n\n\n\n<div style=\"height:100px\" aria-hidden=\"true\" class=\"wp-block-spacer\"><\/div>\n\n\n\n<figure class=\"wp-block-gallery has-nested-images columns-default is-cropped wp-block-gallery-1 is-layout-flex wp-block-gallery-is-layout-flex\">\n<figure class=\"wp-block-image size-large\"><img loading=\"lazy\" decoding=\"async\" width=\"1024\" height=\"576\" data-id=\"114\" src=\"https:\/\/animatronix.com.mx\/wp-content\/uploads\/2022\/12\/P1020564-2-1024x576.jpg\" alt=\"\" class=\"wp-image-114\" srcset=\"https:\/\/animatronix.com.mx\/wp-content\/uploads\/2022\/12\/P1020564-2-1024x576.jpg 1024w, https:\/\/animatronix.com.mx\/wp-content\/uploads\/2022\/12\/P1020564-2-300x169.jpg 300w, https:\/\/animatronix.com.mx\/wp-content\/uploads\/2022\/12\/P1020564-2-768x432.jpg 768w, https:\/\/animatronix.com.mx\/wp-content\/uploads\/2022\/12\/P1020564-2-1536x864.jpg 1536w, https:\/\/animatronix.com.mx\/wp-content\/uploads\/2022\/12\/P1020564-2-2048x1152.jpg 2048w\" sizes=\"auto, (max-width: 1024px) 100vw, 1024px\" \/><\/figure>\n\n\n\n<figure class=\"wp-block-image size-large\"><img loading=\"lazy\" decoding=\"async\" width=\"1024\" height=\"768\" data-id=\"112\" src=\"https:\/\/animatronix.com.mx\/wp-content\/uploads\/2022\/12\/Animatronix-Dinosauria-2010-Julio-Vzla-Caracas-1141-1024x768.jpg\" alt=\"\" class=\"wp-image-112\" srcset=\"https:\/\/animatronix.com.mx\/wp-content\/uploads\/2022\/12\/Animatronix-Dinosauria-2010-Julio-Vzla-Caracas-1141-1024x768.jpg 1024w, https:\/\/animatronix.com.mx\/wp-content\/uploads\/2022\/12\/Animatronix-Dinosauria-2010-Julio-Vzla-Caracas-1141-300x225.jpg 300w, https:\/\/animatronix.com.mx\/wp-content\/uploads\/2022\/12\/Animatronix-Dinosauria-2010-Julio-Vzla-Caracas-1141-768x576.jpg 768w, https:\/\/animatronix.com.mx\/wp-content\/uploads\/2022\/12\/Animatronix-Dinosauria-2010-Julio-Vzla-Caracas-1141-1536x1152.jpg 1536w, https:\/\/animatronix.com.mx\/wp-content\/uploads\/2022\/12\/Animatronix-Dinosauria-2010-Julio-Vzla-Caracas-1141.jpg 1600w\" sizes=\"auto, (max-width: 1024px) 100vw, 1024px\" \/><\/figure>\n<\/figure>\n\n\n\n<div style=\"height:100px\" aria-hidden=\"true\" class=\"wp-block-spacer\"><\/div>\n\n\n\n<p class=\"has-text-align-center\">Si quieres conocer mas.<\/p>\n\n\n<nav class=\"items-justified-center wp-block-navigation is-content-justification-center is-layout-flex wp-container-core-navigation-is-layout-16018d1d wp-block-navigation-is-layout-flex\" aria-label=\"first\"><ul class=\"wp-block-navigation__container items-justified-center wp-block-navigation\"><li class=\" wp-block-navigation-item wp-block-navigation-link\"><a class=\"wp-block-navigation-item__content\"  href=\"https:\/\/animatronix.com.mx\/\"><span class=\"wp-block-navigation-item__label\">Home<\/span><\/a><\/li><li data-wp-context=\"{ &quot;submenuOpenedBy&quot;: { &quot;click&quot;: false, &quot;hover&quot;: false, &quot;focus&quot;: false }, &quot;type&quot;: &quot;submenu&quot;, &quot;modal&quot;: null, &quot;previousFocus&quot;: null }\" data-wp-interactive=\"core\/navigation\" data-wp-on--focusout=\"actions.handleMenuFocusout\" data-wp-on--keydown=\"actions.handleMenuKeydown\" data-wp-on--mouseenter=\"actions.openMenuOnHover\" data-wp-on--mouseleave=\"actions.closeMenuOnHover\" data-wp-watch=\"callbacks.initMenu\" tabindex=\"-1\" class=\"wp-block-navigation-item has-child open-on-hover-click wp-block-navigation-submenu\"><a class=\"wp-block-navigation-item__content\" href=\"https:\/\/animatronix.com.mx\/index.php\/animatronix\/\"><span class=\"wp-block-navigation-item__label\">Animatronix<\/span><\/a><button data-wp-bind--aria-expanded=\"state.isMenuOpen\" data-wp-on--click=\"actions.toggleMenuOnClick\" aria-label=\"Animatronix submenu\" class=\"wp-block-navigation__submenu-icon wp-block-navigation-submenu__toggle\" ><svg xmlns=\"http:\/\/www.w3.org\/2000\/svg\" width=\"12\" height=\"12\" viewBox=\"0 0 12 12\" fill=\"none\" aria-hidden=\"true\" focusable=\"false\"><path d=\"M1.50002 4L6.00002 8L10.5 4\" stroke-width=\"1.5\"><\/path><\/svg><\/button><ul data-wp-on--focus=\"actions.openMenuOnFocus\" class=\"wp-block-navigation__submenu-container wp-block-navigation-submenu\"><li class=\" wp-block-navigation-item wp-block-navigation-link\"><a class=\"wp-block-navigation-item__content\"  href=\"https:\/\/animatronix.mx\"><span class=\"wp-block-navigation-item__label\">C\u00f3mo es una exhibici\u00f3n<\/span><\/a><\/li><\/ul><\/li><\/ul><\/nav>\n\n\n<div style=\"height:20px;width:72px\" aria-hidden=\"true\" class=\"wp-block-spacer\"><\/div>\n\n\n\n<p><a href=\"https:\/\/www.cousinlemonwork.wixsite.com\/animatronix\/dinosauriarecorrido\">https:\/\/www.cousinlemonwork.wixsite.com\/animatronix\/dinosauriarecorrido<\/a><\/p>\n\n\n\n<div class=\"wp-block-group has-text-color is-vertical is-content-justification-center is-layout-flex wp-container-core-group-is-layout-4b2eccd6 wp-block-group-is-layout-flex\" style=\"color:#00000091\">\n<p>estos links te llevaran fuera de esta p\u00e1gina,<\/p>\n\n\n\n<p>para volver usa tu link.<\/p>\n<\/div>\n\n\n\n<div style=\"height:100px\" aria-hidden=\"true\" class=\"wp-block-spacer\"><\/div>\n\n\n\n<div class=\"wp-block-group is-vertical is-content-justification-right is-layout-flex wp-container-core-group-is-layout-b6c475e2 wp-block-group-is-layout-flex\">\n<p class=\"has-text-align-right\">Animatronix<\/p>\n\n\n\n<p class=\"has-text-align-right\">&#8230;donde lo inesperado cobra vida.<\/p>\n<\/div>\n","protected":false},"excerpt":{"rendered":"<p>The fascinating world of prehistoric creatures has always captured the imagination and curiosity of both young and old. By visiting a well-curated dinosaur exhibit, we can gain invaluable insights into the lives and environments of these ancient giants, deepening our understanding and appreciation for the wonders of our natural world.\u02dd That&#8217;s why &#8220;Dinosaur Room Reflections&#8221; [&hellip;]<\/p>\n","protected":false},"author":1,"featured_media":0,"parent":154,"menu_order":0,"comment_status":"closed","ping_status":"closed","template":"","meta":{"_monsterinsights_skip_tracking":false,"_monsterinsights_sitenote_active":false,"_monsterinsights_sitenote_note":"","_monsterinsights_sitenote_category":0,"_kadence_starter_templates_imported_post":false,"footnotes":""},"class_list":["post-303","page","type-page","status-publish","hentry"],"_links":{"self":[{"href":"https:\/\/animatronix.com.mx\/index.php\/wp-json\/wp\/v2\/pages\/303","targetHints":{"allow":["GET"]}}],"collection":[{"href":"https:\/\/animatronix.com.mx\/index.php\/wp-json\/wp\/v2\/pages"}],"about":[{"href":"https:\/\/animatronix.com.mx\/index.php\/wp-json\/wp\/v2\/types\/page"}],"author":[{"embeddable":true,"href":"https:\/\/animatronix.com.mx\/index.php\/wp-json\/wp\/v2\/users\/1"}],"replies":[{"embeddable":true,"href":"https:\/\/animatronix.com.mx\/index.php\/wp-json\/wp\/v2\/comments?post=303"}],"version-history":[{"count":1,"href":"https:\/\/animatronix.com.mx\/index.php\/wp-json\/wp\/v2\/pages\/303\/revisions"}],"predecessor-version":[{"id":304,"href":"https:\/\/animatronix.com.mx\/index.php\/wp-json\/wp\/v2\/pages\/303\/revisions\/304"}],"up":[{"embeddable":true,"href":"https:\/\/animatronix.com.mx\/index.php\/wp-json\/wp\/v2\/pages\/154"}],"wp:attachment":[{"href":"https:\/\/animatronix.com.mx\/index.php\/wp-json\/wp\/v2\/media?parent=303"}],"curies":[{"name":"wp","href":"https:\/\/api.w.org\/{rel}","templated":true}]}}