{"id":72,"date":"2022-12-19T22:06:38","date_gmt":"2022-12-19T22:06:38","guid":{"rendered":"https:\/\/animatronix.com.mx\/?page_id=72"},"modified":"2023-03-03T05:23:50","modified_gmt":"2023-03-03T05:23:50","slug":"animatronix","status":"publish","type":"page","link":"https:\/\/animatronix.com.mx\/index.php\/animatronix\/","title":{"rendered":"Animatronix"},"content":{"rendered":"\n<p><strong>\u00bfQue es Animatronix\u00ae?<\/strong><\/p>\n\n\n\n<p>Una de las empresas m\u00e1s importantes en Latinoam\u00e9rica, dedicada a la fabricaci\u00f3n de robots animados y l\u00edder en el dise\u00f1o y producci\u00f3n de figuras con prop\u00f3sito de entretenimiento.<\/p>\n\n\n\n<p>El objetivo de las exhibiciones de ANIMATRONIX\u00ae, es ofrecer una opci\u00f3n de entretenimiento diferente, con fines educativos y en un ambiente familiar.<\/p>\n\n\n\n<p>Las necesidades del mercado, el tratar de diversificar las exhibiciones, as\u00ed como el tener una imagen corporativa da origen a ANIMATRONIX\u00ae, la cual incluye otros proyectos de figuras robotizadas<\/p>\n\n\n\n<figure class=\"wp-block-gallery has-nested-images columns-default is-cropped wp-block-gallery-1 is-layout-flex wp-block-gallery-is-layout-flex\">\n<figure class=\"wp-block-image size-large\"><img loading=\"lazy\" decoding=\"async\" width=\"632\" height=\"348\" data-id=\"73\" src=\"https:\/\/animatronix.com.mx\/wp-content\/uploads\/2022\/12\/animatronix-logos-exhibiciones.png\" alt=\"\" class=\"wp-image-73\" srcset=\"https:\/\/animatronix.com.mx\/wp-content\/uploads\/2022\/12\/animatronix-logos-exhibiciones.png 632w, https:\/\/animatronix.com.mx\/wp-content\/uploads\/2022\/12\/animatronix-logos-exhibiciones-300x165.png 300w\" sizes=\"auto, (max-width: 632px) 100vw, 632px\" \/><\/figure>\n<\/figure>\n\n\n\n<p>Estas exhibiciones fueron recorriendo el pa\u00eds, causando asombro en el p\u00fablico, por su avanzada tecnolog\u00eda y su capacidad de sorprender y emocionar a chicos y grandes, gracias a ello han sido solicitadas por otros pa\u00edses, dando paso a una nueva experiencia de colaboraci\u00f3n en diferentes continentes.<\/p>\n\n\n\n<div style=\"height:43px\" aria-hidden=\"true\" class=\"wp-block-spacer\"><\/div>\n\n\n\n<p><a href=\"https:\/\/animatronix.mx\/\">C\u00f3mo es una exhibici\u00f3n<\/a><\/p>\n\n\n\n<p><a href=\"https:\/\/animatronix.com.mx\/index.php\/negocios\/credenciales\/\" data-type=\"page\" data-id=\"60\">Credenciales<\/a><\/p>\n\n\n\n<div style=\"height:100px\" aria-hidden=\"true\" class=\"wp-block-spacer\"><\/div>\n\n\n\n<h2 class=\"wp-block-heading\">WORLD MEDIA VIDEO.<\/h2>\n\n\n\n<figure class=\"wp-block-video\"><video height=\"320\" style=\"aspect-ratio: 480 \/ 320;\" width=\"480\" controls poster=\"https:\/\/animatronix.com.mx\/wp-content\/uploads\/2022\/12\/animatronix-world-news-front-compress.jpeg\" src=\"https:\/\/animatronix.com.mx\/wp-content\/uploads\/2022\/12\/Dinosauria-impacto-Publicitario-alrededor-del-Mundo-Converted-2.mov\"><\/video><\/figure>\n","protected":false},"excerpt":{"rendered":"<p>\u00bfQue es Animatronix\u00ae? Una de las empresas m\u00e1s importantes en Latinoam\u00e9rica, dedicada a la fabricaci\u00f3n de robots animados y l\u00edder en el dise\u00f1o y producci\u00f3n de figuras con prop\u00f3sito de entretenimiento. El objetivo de las exhibiciones de ANIMATRONIX\u00ae, es ofrecer una opci\u00f3n de entretenimiento diferente, con fines educativos y en un ambiente familiar. Las necesidades [&hellip;]<\/p>\n","protected":false},"author":1,"featured_media":0,"parent":0,"menu_order":0,"comment_status":"closed","ping_status":"closed","template":"","meta":{"_monsterinsights_skip_tracking":false,"_monsterinsights_sitenote_active":false,"_monsterinsights_sitenote_note":"","_monsterinsights_sitenote_category":0,"_kadence_starter_templates_imported_post":false,"footnotes":""},"class_list":["post-72","page","type-page","status-publish","hentry"],"_links":{"self":[{"href":"https:\/\/animatronix.com.mx\/index.php\/wp-json\/wp\/v2\/pages\/72","targetHints":{"allow":["GET"]}}],"collection":[{"href":"https:\/\/animatronix.com.mx\/index.php\/wp-json\/wp\/v2\/pages"}],"about":[{"href":"https:\/\/animatronix.com.mx\/index.php\/wp-json\/wp\/v2\/types\/page"}],"author":[{"embeddable":true,"href":"https:\/\/animatronix.com.mx\/index.php\/wp-json\/wp\/v2\/users\/1"}],"replies":[{"embeddable":true,"href":"https:\/\/animatronix.com.mx\/index.php\/wp-json\/wp\/v2\/comments?post=72"}],"version-history":[{"count":7,"href":"https:\/\/animatronix.com.mx\/index.php\/wp-json\/wp\/v2\/pages\/72\/revisions"}],"predecessor-version":[{"id":286,"href":"https:\/\/animatronix.com.mx\/index.php\/wp-json\/wp\/v2\/pages\/72\/revisions\/286"}],"wp:attachment":[{"href":"https:\/\/animatronix.com.mx\/index.php\/wp-json\/wp\/v2\/media?parent=72"}],"curies":[{"name":"wp","href":"https:\/\/api.w.org\/{rel}","templated":true}]}}